{"id":108,"date":"2019-09-15T22:18:21","date_gmt":"2019-09-15T22:18:21","guid":{"rendered":"http:\/\/derbildkomponist.de\/?page_id=108"},"modified":"2022-03-31T09:53:09","modified_gmt":"2022-03-31T09:53:09","slug":"highlights","status":"publish","type":"page","link":"https:\/\/derbildkomponist.de\/?page_id=108","title":{"rendered":"Highlights"},"content":{"rendered":"\n<p class=\"has-black-color has-cyan-bluish-gray-background-color has-text-color has-background\">Hier  k\u00f6nnen Sie einen &#8222;relativ&#8220; schnellen \u00dcberblick \u00fcber mein fotografisches Schaffen mit meinen Sammlungen des jeweiligen Jahres bekommen, von Beginn meines digitalen Fotografierzeitalters im Sommer 2003 an: <\/p>\n\n\n\n<p class=\"has-text-align-center\"><strong> <\/strong> <\/p>\n\n\n\n<p class=\"has-text-align-center\"><strong><a href=\"http:\/\/derbildkomponist.de\/?p=3480\">Highlights 2021<\/a><\/strong><\/p>\n\n\n\n<figure class=\"wp-block-table aligncenter\"><table><tbody><tr><td class=\"has-text-align-center\" data-align=\"center\"><strong><a href=\"http:\/\/derbildkomponist.de\/?page_id=1846\">Highlights 2020<\/a><\/strong><\/td><td><strong><a href=\"http:\/\/bilder.derbildkomponist.de\/2019\/Highlights_2019\/index.html\" target=\"_blank\" rel=\"noreferrer noopener\">Highlights 2019<\/a><\/strong><\/td><\/tr><tr><td class=\"has-text-align-center\" data-align=\"center\"> <strong><a rel=\"noreferrer noopener\" href=\"http:\/\/bilder.derbildkomponist.de\/2018\/Highlights_2018\/index.html\" target=\"_blank\">Highlights 2018<\/a><\/strong> <\/td><td> <strong><a href=\"http:\/\/bilder.derbildkomponist.de\/2017\/Highlights_2017\/index.html\">Highlights 2017<\/a><\/strong>  <\/td><\/tr><tr><td class=\"has-text-align-center\" data-align=\"center\"> <strong><a href=\"http:\/\/bilder.derbildkomponist.de\/2016\/Highlights_2016\/index.html\">Highlights 2016<\/a><\/strong> <\/td><td> <strong><a rel=\"noreferrer noopener\" href=\"http:\/\/bilder.derbildkomponist.de\/2015\/Highlights_2015\/index.html\" target=\"_blank\">Highlights 2015<\/a><\/strong> <\/td><\/tr><tr><td class=\"has-text-align-center\" data-align=\"center\"> <strong><a rel=\"noreferrer noopener\" href=\"http:\/\/www.derbildkomponist.de\/2014\/Highlights_2014\/index.html\" target=\"_blank\">Highlights 20<\/a><a rel=\"noreferrer noopener\" href=\"http:\/\/bilder.derbildkomponist.de\/2014\/Highlights_2014\/index.html\" target=\"_blank\">1<\/a><a rel=\"noreferrer noopener\" href=\"http:\/\/www.derbildkomponist.de\/2014\/Highlights_2014\/index.html\" target=\"_blank\">4<\/a><\/strong> <\/td><td> <strong><a href=\"http:\/\/bilder.derbildkomponist.de\/2013\/Highlights_2013\/index.html\">Highlights 2013<\/a> <\/strong> <\/td><\/tr><tr><td class=\"has-text-align-center\" data-align=\"center\"> <a href=\"http:\/\/www.derbildkomponist.de\/Galerien\/Highlights_2012\/index.html\"><strong>Hi<\/strong><\/a><strong><a href=\"http:\/\/bilder.derbildkomponist.de\/Galerien\/Highlights_2012\/index.html\">ghlights 2012<\/a><\/strong> <\/td><td> <strong><a href=\"http:\/\/bilder.derbildkomponist.de\/Galerien\/Highlights%202011\/index.html\">Highlights 2011<\/a><\/strong>  <\/td><\/tr><tr><td class=\"has-text-align-center\" data-align=\"center\"> <strong><a href=\"http:\/\/bilder.derbildkomponist.de\/Galerien\/Highlights_2010\/index.html\">Highlights 2010<\/a><\/strong> <\/td><td> <strong><a href=\"http:\/\/bilder.derbildkomponist.de\/Galerien\/Highlights%202009\/index.html\">Highlights 2009<\/a><\/strong> <\/td><\/tr><tr><td class=\"has-text-align-center\" data-align=\"center\"> <strong><a href=\"http:\/\/bilder.derbildkomponist.de\/2008\/Highlights%202008\/index.html\">Highlights 2008<\/a><\/strong> <\/td><td> <strong><a rel=\"noreferrer noopener\" href=\"http:\/\/bilder.derbildkomponist.de\/2007\/Highlights%202007\/index.html\" target=\"_blank\">Highlights 2007<\/a><\/strong> <\/td><\/tr><tr><td class=\"has-text-align-center\" data-align=\"center\"> <strong><a href=\"http:\/\/bilder.derbildkomponist.de\/Galerien\/Highlights\/index.html\">Highlights 03-06<\/a><\/strong> <\/td><td><\/td><\/tr><\/tbody><\/table><\/figure>\n","protected":false},"excerpt":{"rendered":"<p> &hellip;<\/p>\n","protected":false},"author":1,"featured_media":0,"parent":0,"menu_order":0,"comment_status":"closed","ping_status":"closed","template":"","meta":{"ngg_post_thumbnail":0,"jetpack_post_was_ever_published":false,"footnotes":""},"jetpack_sharing_enabled":true,"_links":{"self":[{"href":"https:\/\/derbildkomponist.de\/index.php?rest_route=\/wp\/v2\/pages\/108"}],"collection":[{"href":"https:\/\/derbildkomponist.de\/index.php?rest_route=\/wp\/v2\/pages"}],"about":[{"href":"https:\/\/derbildkomponist.de\/index.php?rest_route=\/wp\/v2\/types\/page"}],"author":[{"embeddable":true,"href":"https:\/\/derbildkomponist.de\/index.php?rest_route=\/wp\/v2\/users\/1"}],"replies":[{"embeddable":true,"href":"https:\/\/derbildkomponist.de\/index.php?rest_route=%2Fwp%2Fv2%2Fcomments&post=108"}],"version-history":[{"count":10,"href":"https:\/\/derbildkomponist.de\/index.php?rest_route=\/wp\/v2\/pages\/108\/revisions"}],"predecessor-version":[{"id":3844,"href":"https:\/\/derbildkomponist.de\/index.php?rest_route=\/wp\/v2\/pages\/108\/revisions\/3844"}],"wp:attachment":[{"href":"https:\/\/derbildkomponist.de\/index.php?rest_route=%2Fwp%2Fv2%2Fmedia&parent=108"}],"curies":[{"name":"wp","href":"https:\/\/api.w.org\/{rel}","templated":true}]}}