{"id":142,"date":"2019-09-16T11:45:50","date_gmt":"2019-09-16T11:45:50","guid":{"rendered":"http:\/\/derbildkomponist.de\/?page_id=142"},"modified":"2025-06-15T08:04:14","modified_gmt":"2025-06-15T08:04:14","slug":"stattansichten","status":"publish","type":"page","link":"https:\/\/derbildkomponist.de\/?page_id=142","title":{"rendered":"M\u00fcnster-stattAnsichten"},"content":{"rendered":"\n<p class=\"has-text-align-center has-black-color has-cyan-bluish-gray-background-color has-text-color has-background\"><strong>Mein etwas anderer Blick auf die Stadt<\/strong><\/p>\n\n\n\n<p>Gerade bin ich dabei, meine M\u00fcnster-stattAnsichten in eine neues Gewand zu &#8222;stecken&#8220; und meine Serie ganz in schwarzwei\u00df zu zeigen. Habe festgestellt, dass das gut funktioniert. Das Ganze soll dann auch wieder in Buchform verf\u00fcgbar sein&#8230;..<\/p>\n\n\n\n<p>&#8230;.und dan kam doch alles anders als erwartet und es wird auch noch bis 2027 dauern, bis das Buch dann in den Verkauf geht. <\/p>\n\n\n\n<figure class=\"wp-block-gallery has-nested-images columns-1 is-cropped wp-block-gallery-1 is-layout-flex wp-block-gallery-is-layout-flex\">\n<figure class=\"wp-block-image size-large\"><a href=\"https:\/\/derbildkomponist.de\/wp-content\/uploads\/2022\/06\/stattAnsichten2-scaled.jpg\"><img loading=\"lazy\" decoding=\"async\" width=\"1024\" height=\"362\" data-id=\"4525\" src=\"https:\/\/derbildkomponist.de\/wp-content\/uploads\/2022\/06\/stattAnsichten2-1024x362.jpg\" alt=\"\" class=\"wp-image-4525\" srcset=\"https:\/\/derbildkomponist.de\/wp-content\/uploads\/2022\/06\/stattAnsichten2-1024x362.jpg 1024w, https:\/\/derbildkomponist.de\/wp-content\/uploads\/2022\/06\/stattAnsichten2-300x106.jpg 300w, https:\/\/derbildkomponist.de\/wp-content\/uploads\/2022\/06\/stattAnsichten2-768x271.jpg 768w, https:\/\/derbildkomponist.de\/wp-content\/uploads\/2022\/06\/stattAnsichten2-1536x543.jpg 1536w, https:\/\/derbildkomponist.de\/wp-content\/uploads\/2022\/06\/stattAnsichten2-2048x724.jpg 2048w, https:\/\/derbildkomponist.de\/wp-content\/uploads\/2022\/06\/stattAnsichten2-2000x707.jpg 2000w\" sizes=\"(max-width: 1024px) 100vw, 1024px\" \/><\/a><\/figure>\n\n\n\n<figure class=\"wp-block-image size-large\"><a href=\"https:\/\/derbildkomponist.de\/wp-content\/uploads\/2022\/06\/stattAnsichten5-scaled.jpg\"><img loading=\"lazy\" decoding=\"async\" width=\"1024\" height=\"362\" data-id=\"4526\" src=\"https:\/\/derbildkomponist.de\/wp-content\/uploads\/2022\/06\/stattAnsichten5-1024x362.jpg\" alt=\"\" class=\"wp-image-4526\" srcset=\"https:\/\/derbildkomponist.de\/wp-content\/uploads\/2022\/06\/stattAnsichten5-1024x362.jpg 1024w, https:\/\/derbildkomponist.de\/wp-content\/uploads\/2022\/06\/stattAnsichten5-300x106.jpg 300w, https:\/\/derbildkomponist.de\/wp-content\/uploads\/2022\/06\/stattAnsichten5-768x271.jpg 768w, https:\/\/derbildkomponist.de\/wp-content\/uploads\/2022\/06\/stattAnsichten5-1536x543.jpg 1536w, https:\/\/derbildkomponist.de\/wp-content\/uploads\/2022\/06\/stattAnsichten5-2048x724.jpg 2048w, https:\/\/derbildkomponist.de\/wp-content\/uploads\/2022\/06\/stattAnsichten5-2000x707.jpg 2000w\" sizes=\"(max-width: 1024px) 100vw, 1024px\" \/><\/a><\/figure>\n<\/figure>\n\n\n\n<p>So m\u00fcssen sie sich also noch weiter etwas gedulden. <\/p>\n\n\n\n<p>Sobald sich etwas konkreter tut, mach ich mich hier wieder bemerkbar.<\/p>\n\n\n\n<p><\/p>\n","protected":false},"excerpt":{"rendered":"<p> &hellip;<\/p>\n","protected":false},"author":1,"featured_media":4535,"parent":0,"menu_order":0,"comment_status":"closed","ping_status":"closed","template":"","meta":{"ngg_post_thumbnail":0,"jetpack_post_was_ever_published":false,"footnotes":""},"jetpack_sharing_enabled":true,"_links":{"self":[{"href":"https:\/\/derbildkomponist.de\/index.php?rest_route=\/wp\/v2\/pages\/142"}],"collection":[{"href":"https:\/\/derbildkomponist.de\/index.php?rest_route=\/wp\/v2\/pages"}],"about":[{"href":"https:\/\/derbildkomponist.de\/index.php?rest_route=\/wp\/v2\/types\/page"}],"author":[{"embeddable":true,"href":"https:\/\/derbildkomponist.de\/index.php?rest_route=\/wp\/v2\/users\/1"}],"replies":[{"embeddable":true,"href":"https:\/\/derbildkomponist.de\/index.php?rest_route=%2Fwp%2Fv2%2Fcomments&post=142"}],"version-history":[{"count":20,"href":"https:\/\/derbildkomponist.de\/index.php?rest_route=\/wp\/v2\/pages\/142\/revisions"}],"predecessor-version":[{"id":9767,"href":"https:\/\/derbildkomponist.de\/index.php?rest_route=\/wp\/v2\/pages\/142\/revisions\/9767"}],"wp:featuredmedia":[{"embeddable":true,"href":"https:\/\/derbildkomponist.de\/index.php?rest_route=\/wp\/v2\/media\/4535"}],"wp:attachment":[{"href":"https:\/\/derbildkomponist.de\/index.php?rest_route=%2Fwp%2Fv2%2Fmedia&parent=142"}],"curies":[{"name":"wp","href":"https:\/\/api.w.org\/{rel}","templated":true}]}}