{"id":228,"date":"2019-09-16T13:38:33","date_gmt":"2019-09-16T13:38:33","guid":{"rendered":"http:\/\/derbildkomponist.de\/?page_id=228"},"modified":"2025-01-23T15:05:54","modified_gmt":"2025-01-23T15:05:54","slug":"impressum","status":"publish","type":"page","link":"https:\/\/derbildkomponist.de\/?page_id=228","title":{"rendered":"Impressum"},"content":{"rendered":"\n<p class=\"has-black-color has-cyan-bluish-gray-background-color has-text-color has-background\">Andreas Denhoff Hohenhorst 7 48341 Altenberge Tel.02505-623796 Mob. 0179-5097041 e-mail:  <a href=\"mailto:info@derbildkomponist.de\"> info@derbildkomponist.de<\/a><\/p>\n\n\n\n<p><strong>Inhaltlich Verantwortlicher  (gem\u00e4\u00df \u00a7 10 Absatz 3 MDStV)<\/strong><br>Andreas Denhoff (Anschrift wie oben) <\/p>\n\n\n\n<hr class=\"wp-block-separator has-css-opacity\"\/>\n\n\n\n<p><strong>Haftungshinweis<\/strong><br>Die Urheberrechte f\u00fcr Texte und Bilder liegen &#8211; soweit  nicht anders angegeben &#8211; bei Andreas Denhoff.  Texte und Bilder d\u00fcrfen f\u00fcr private Zwecke kopiert  werden. Die Inhalte dieser Internetseite wurden sorgf\u00e4ltig  gepr\u00fcft und nach bestem Wissen erstellt. F\u00fcr die hier dargebotenen  Informationen wird kein Anspruch auf Vollst\u00e4ndigkeit, Aktualit\u00e4t,  Qualit\u00e4t und Richtigkeit erhoben. Es kann keine Verantwortung f\u00fcr  Sch\u00e4den \u00fcbernommen werden, die durch das Vertrauen auf die Inhalte  dieser Website oder deren Gebrauch entstehen. Hinweis f\u00fcr externe Links:  Ich bin nicht verantwortlich f\u00fcr die Inhalte der gelinkten Webseiten.<br> Gem\u00e4\u00df \u00a7 28 BDSG widerspreche ich jeder kommerziellen Verwendung und  Weitergabe meiner Daten. Ohne vom Urheber ausdr\u00fccklich erteilte  Nutzungsrechte sind Sie in keiner Weise berechtigt, die Materialien zu  ver\u00e4ndern und\/oder weiter zu geben oder gar selbst zu ver\u00f6ffentlichen. <\/p>\n\n\n\n<hr class=\"wp-block-separator has-css-opacity\"\/>\n\n\n\n<p><strong>\n\t\tIch danke meiner Familie f\u00fcr die unb\u00e4ndige Geduld, <\/strong><strong>\n\t\twenn Papa \u201emal wieder \n\t\tfotografiert\u201c oder am Laptop \u201eentwickelt\u201c<\/strong><\/p>\n\n\n\n<p><\/p>\n","protected":false},"excerpt":{"rendered":"<p> &hellip;<\/p>\n","protected":false},"author":1,"featured_media":0,"parent":0,"menu_order":0,"comment_status":"closed","ping_status":"closed","template":"","meta":{"ngg_post_thumbnail":0,"jetpack_post_was_ever_published":false,"footnotes":""},"jetpack_sharing_enabled":true,"_links":{"self":[{"href":"https:\/\/derbildkomponist.de\/index.php?rest_route=\/wp\/v2\/pages\/228"}],"collection":[{"href":"https:\/\/derbildkomponist.de\/index.php?rest_route=\/wp\/v2\/pages"}],"about":[{"href":"https:\/\/derbildkomponist.de\/index.php?rest_route=\/wp\/v2\/types\/page"}],"author":[{"embeddable":true,"href":"https:\/\/derbildkomponist.de\/index.php?rest_route=\/wp\/v2\/users\/1"}],"replies":[{"embeddable":true,"href":"https:\/\/derbildkomponist.de\/index.php?rest_route=%2Fwp%2Fv2%2Fcomments&post=228"}],"version-history":[{"count":4,"href":"https:\/\/derbildkomponist.de\/index.php?rest_route=\/wp\/v2\/pages\/228\/revisions"}],"predecessor-version":[{"id":8608,"href":"https:\/\/derbildkomponist.de\/index.php?rest_route=\/wp\/v2\/pages\/228\/revisions\/8608"}],"wp:attachment":[{"href":"https:\/\/derbildkomponist.de\/index.php?rest_route=%2Fwp%2Fv2%2Fmedia&parent=228"}],"curies":[{"name":"wp","href":"https:\/\/api.w.org\/{rel}","templated":true}]}}