{"id":311,"date":"2019-09-17T11:09:25","date_gmt":"2019-09-17T11:09:25","guid":{"rendered":"http:\/\/derbildkomponist.de\/?page_id=311"},"modified":"2025-01-09T08:30:50","modified_gmt":"2025-01-09T08:30:50","slug":"austellungen","status":"publish","type":"page","link":"https:\/\/derbildkomponist.de\/?page_id=311","title":{"rendered":"Austellungen"},"content":{"rendered":"\n<p class=\"has-black-color has-luminous-vivid-orange-background-color has-text-color has-background has-link-color wp-elements-673b15732f3bc01d1804248071ecfeaf\">Meine Popup-Galerie in Altenberge ist offiziell geschlossen, man kann mich kontaktieren und dann mache ich gerne einen Termin mit ihnen dort aus und sie k\u00f6nnen dort in Ruhe st\u00f6bern. Worin? Hier geht es zu den n\u00f6tigen Informationen: <a href=\"http:\/\/derbildkomponist.de\/?p=7535\">Die Popup-Galerie<\/a><\/p>\n\n\n\n<p>Hier weiter Ausstellungen der Vergangenheit:<\/p>\n\n\n\n<p class=\"has-text-align-center has-luminous-vivid-orange-background-color has-background\">Ausstellung im Handorfer Hof -verl\u00e4ngert bis 27.10.2019<\/p>\n\n\n<div class=\"wp-block-image\">\n<figure class=\"aligncenter\"><a href=\"http:\/\/bilder.derbildkomponist.de\/Bilder-Webseite\/Plakat_1aweb.jpg\"><img decoding=\"async\" src=\"http:\/\/bilder.derbildkomponist.de\/Bilder-Webseite\/Plakat_1aweb.jpg\" alt=\"Plakat\"\/><\/a><\/figure><\/div>\n\n\n<hr class=\"wp-block-separator has-css-opacity\"\/>\n\n\n<div class=\"wp-block-image\">\n<figure class=\"aligncenter\"><a href=\"http:\/\/bilder.derbildkomponist.de\/Bilder-Webseite\/db_20190308_015.jpg\"><img decoding=\"async\" src=\"http:\/\/bilder.derbildkomponist.de\/Bilder-Webseite\/db_20190308_015.jpg\" alt=\"1\"\/><\/a><\/figure><\/div>\n\n<div class=\"wp-block-image\">\n<figure class=\"aligncenter\"><a href=\"http:\/\/bilder.derbildkomponist.de\/Bilder-Webseite\/db_20190308_024.jpg\"><img decoding=\"async\" src=\"http:\/\/bilder.derbildkomponist.de\/Bilder-Webseite\/db_20190308_024.jpg\" alt=\"3\"\/><\/a><\/figure><\/div>\n\n<div class=\"wp-block-image\">\n<figure class=\"aligncenter\"><a href=\"http:\/\/bilder.derbildkomponist.de\/Bilder-Webseite\/db_20190308_018.jpg\"><img decoding=\"async\" src=\"http:\/\/bilder.derbildkomponist.de\/Bilder-Webseite\/db_20190308_018.jpg\" alt=\"2\"\/><\/a><\/figure><\/div>\n\n<div class=\"wp-block-image\">\n<figure class=\"aligncenter\"><a href=\"http:\/\/bilder.derbildkomponist.de\/Bilder-Webseite\/P1001920.jpg\"><img decoding=\"async\" src=\"http:\/\/bilder.derbildkomponist.de\/Bilder-Webseite\/P1001920.jpg\" alt=\"7\"\/><\/a><\/figure><\/div>\n\n\n<p>Eine kleine Chronologie:<\/p>\n\n\n\n<p class=\"has-text-align-left\">6.9.2019<\/p>\n\n\n\n<p class=\"has-cyan-bluish-gray-background-color has-background\" style=\"font-size:15px\">Es freut mich, dass meine  Bilder im Handorfer Hof noch eine Weile l\u00e4nger  h\u00e4ngen werden. Bis zum 27.10.2019 ist also noch  Gelegenheit, live vor Ort einen kleinen Rundgang  zu machen. Mit meiner per\u00f6nlichen F\u00fchrung ist  dies auch m\u00f6glich, einfach Kontakt mit mir  aufnehmen&#8230;<\/p>\n\n\n\n<p class=\"has-text-align-left\">14.6.2019<\/p>\n\n\n\n<p class=\"has-cyan-bluish-gray-background-color has-background\" style=\"font-size:15px\"> Nun l\u00e4uft die  Ausstellung schon einige Zeit und zu meiner  Freude hab ich auch schon Bilder verkauft.Dabei  stellt sich das Dolomitenpanorama als kleiner  &#8222;Hit&#8220; heraus. Es ist in dieser Ausstellung schon  zweimal verkauft und insgesamt habe ich es  inzwischen&nbsp; viermal verkauft. Das finde ich  nat\u00fcrlich klasse.&nbsp; Das  durchaus so weitergehen&#8230;<\/p>\n\n\n\n<p style=\"font-size:15px\"> 1.3.2019<\/p>\n\n\n\n<p class=\"has-cyan-bluish-gray-background-color has-background\">Die Ausstellungser\u00f6ffnung  ist am Samstag gut gelaufen. Vielen Dank f\u00fcr das  rege Interesse. Mit ein paar  Fotos aus den Ausstellungsr\u00e4umen m\u00f6chte ich  einen Anreiz geben, dort doch auch einmal  vorbeizuschauen. Auf Anfrage bin ich gerne  bereit, kleine Gruppen pers\u00f6nlich durch die  Ausstellung zu f\u00fchren.Einfach mit mir Kontakt  aufnehmen.<\/p>\n\n\n\n<p style=\"font-size:15px\">5.3.2019<\/p>\n\n\n\n<p class=\"has-cyan-bluish-gray-background-color has-background\">Gerade hab ich mit  Schrecken festgestellt, da\u00df ich heute bei der  letzten Bestellung doch noch zwei Bilder  vergessen&nbsp; habe. Schnell auch dieses noch  erledigt in der Hoffnung, saaldigital liefert  z\u00fcgig&#8230; <br>Ansonsten habe ich wieder einen kleinenAusstellungsbegleiter erstellt, den ich  demn\u00e4chst hier als PDF f\u00fcrs Handy online stelle.  Dieser gibt ihnen ein bisschen  Hintergrundinformationen zu den ausgestellten  Fotos. Freitag h\u00e4nge ich die Fotos auf und dann  kann die Ausstellungser\u00f6ffnung am Samstag, den  9.3. um 15.30 Uhr starten &#8211; ich freu mich drauf.<\/p>\n\n\n\n<p style=\"font-size:15px\">19.2.2019<\/p>\n\n\n\n<p class=\"has-cyan-bluish-gray-background-color has-background\">Nicht mal mehr einen Monat bis  zur neuen Ausstellung im Handorfer Hof. Thema  der Ausstellung wird <strong>&#8222;Kleinigkeiten in Natur  und Kultur&#8220;<\/strong> sein. Inzwischen ist die  Fotoauswahl getroffen und fast alle n\u00f6tigen  Bilder bestellt, wieder vieles auf Leinwand.  Feintuning ist noch n\u00f6tig, Am besten sie kommen  direkt am 9.M\u00e4rz zur Vernissage um 15.30 Uhr,  bei der ich durch die Ausstellung f\u00fchre und ein  paar &#8222;Kleinigkeiten&#8220; zu den Fotos erz\u00e4hle.  Musikalisch gibt es auch ein paar  &#8222;Kleinigkeiten&#8220; aus der Salonmusikliteratur.  F\u00fcr alle Wiederholungst\u00e4ter: es sind nur 13 Fotos  von den ca 50 Fotos gleich zum Heidekrug, die aber auch in anderen  Formaten.<br> <\/p>\n\n\n\n<hr class=\"wp-block-separator has-css-opacity\"\/>\n","protected":false},"excerpt":{"rendered":"<p> &hellip;<\/p>\n","protected":false},"author":1,"featured_media":0,"parent":0,"menu_order":0,"comment_status":"closed","ping_status":"closed","template":"","meta":{"ngg_post_thumbnail":0,"jetpack_post_was_ever_published":false,"footnotes":""},"jetpack_sharing_enabled":true,"_links":{"self":[{"href":"https:\/\/derbildkomponist.de\/index.php?rest_route=\/wp\/v2\/pages\/311"}],"collection":[{"href":"https:\/\/derbildkomponist.de\/index.php?rest_route=\/wp\/v2\/pages"}],"about":[{"href":"https:\/\/derbildkomponist.de\/index.php?rest_route=\/wp\/v2\/types\/page"}],"author":[{"embeddable":true,"href":"https:\/\/derbildkomponist.de\/index.php?rest_route=\/wp\/v2\/users\/1"}],"replies":[{"embeddable":true,"href":"https:\/\/derbildkomponist.de\/index.php?rest_route=%2Fwp%2Fv2%2Fcomments&post=311"}],"version-history":[{"count":9,"href":"https:\/\/derbildkomponist.de\/index.php?rest_route=\/wp\/v2\/pages\/311\/revisions"}],"predecessor-version":[{"id":8533,"href":"https:\/\/derbildkomponist.de\/index.php?rest_route=\/wp\/v2\/pages\/311\/revisions\/8533"}],"wp:attachment":[{"href":"https:\/\/derbildkomponist.de\/index.php?rest_route=%2Fwp%2Fv2%2Fmedia&parent=311"}],"curies":[{"name":"wp","href":"https:\/\/api.w.org\/{rel}","templated":true}]}}