{"id":351,"date":"2019-09-17T19:19:55","date_gmt":"2019-09-17T19:19:55","guid":{"rendered":"http:\/\/derbildkomponist.de\/?page_id=351"},"modified":"2023-05-27T20:00:07","modified_gmt":"2023-05-27T20:00:07","slug":"staedte","status":"publish","type":"page","link":"https:\/\/derbildkomponist.de\/?page_id=351","title":{"rendered":"St\u00e4dte"},"content":{"rendered":"\n<p class=\"has-black-color has-cyan-bluish-gray-background-color has-text-color has-background\">Neben der Natur habe ich auch einige wenige St\u00e4dte &#8222;im Angebot&#8220;. M\u00fcnster ist hier nicht dabei, da gibt es ja schlie\u00dflich meine M\u00fcnster stattAnsichten.<\/p>\n\n\n\n<p class=\"has-text-align-center\"><a href=\"http:\/\/Auf meinen ersten Touren mit dem 49,-\u20ac Ticket ging es u.a. nach D\u00fcsseldorf und Duisburg.  Anlass war der von mir initiiertes Minitreffen mit dem Freundeskreis Fotografietutgut. Da wir alle Vier nicht wirklich selbst auf die Fotos wollten, blieb mir &quot;nur&quot; die Architektur und hier vornehmlich der Medienhafen.  Am n\u00e4chsten Tag war ich dann mit meinem Bruder im Museum K\u00fcppersm\u00fchle in Duisburg. Hier geht es ohne viel Text gleich zu den Fotos der beiden Tage: http:\/\/derbildkomponist.de\/?p=5816\">D\u00fcsseldorf und Duisburg 2023<\/a><\/p>\n\n\n\n<p class=\"has-text-align-center\"><a href=\"http:\/\/bilder.derbildkomponist.de\/2019\/Elbphilharmonie\/index.html\">Hamburg\/Elphilharmonie 2019<\/a><\/p>\n\n\n\n<p class=\"has-text-align-center\"><a href=\"http:\/\/bilder.derbildkomponist.de\/2015\/Italien_2015\/index.html\">Firenze &#8211; Modena &#8211; Mailand 2015<\/a><\/p>\n\n\n\n<p class=\"has-text-align-center\"><a href=\"http:\/\/bilder.derbildkomponist.de\/2013\/Mailand%202013\/index.html\">Mailand 2013<\/a><\/p>\n\n\n\n<p class=\"has-text-align-center\"><a href=\"http:\/\/bilder.derbildkomponist.de\/2010\/Mainz\/index.html\">Mainz 2010<\/a><\/p>\n\n\n\n<p class=\"has-text-align-center\"><a href=\"http:\/\/bilder.derbildkomponist.de\/2008\/Hamburg\/index.html\">Hamburg 2008<\/a><\/p>\n\n\n\n<p><\/p>\n\n\n\n<p><\/p>\n","protected":false},"excerpt":{"rendered":"<p> &hellip;<\/p>\n","protected":false},"author":1,"featured_media":0,"parent":0,"menu_order":0,"comment_status":"closed","ping_status":"closed","template":"","meta":{"ngg_post_thumbnail":0,"jetpack_post_was_ever_published":false,"footnotes":""},"jetpack_sharing_enabled":true,"_links":{"self":[{"href":"https:\/\/derbildkomponist.de\/index.php?rest_route=\/wp\/v2\/pages\/351"}],"collection":[{"href":"https:\/\/derbildkomponist.de\/index.php?rest_route=\/wp\/v2\/pages"}],"about":[{"href":"https:\/\/derbildkomponist.de\/index.php?rest_route=\/wp\/v2\/types\/page"}],"author":[{"embeddable":true,"href":"https:\/\/derbildkomponist.de\/index.php?rest_route=\/wp\/v2\/users\/1"}],"replies":[{"embeddable":true,"href":"https:\/\/derbildkomponist.de\/index.php?rest_route=%2Fwp%2Fv2%2Fcomments&post=351"}],"version-history":[{"count":11,"href":"https:\/\/derbildkomponist.de\/index.php?rest_route=\/wp\/v2\/pages\/351\/revisions"}],"predecessor-version":[{"id":5951,"href":"https:\/\/derbildkomponist.de\/index.php?rest_route=\/wp\/v2\/pages\/351\/revisions\/5951"}],"wp:attachment":[{"href":"https:\/\/derbildkomponist.de\/index.php?rest_route=%2Fwp%2Fv2%2Fmedia&parent=351"}],"curies":[{"name":"wp","href":"https:\/\/api.w.org\/{rel}","templated":true}]}}