{"id":4357,"date":"2022-06-09T16:49:35","date_gmt":"2022-06-09T16:49:35","guid":{"rendered":"http:\/\/derbildkomponist.de\/?page_id=4357"},"modified":"2022-06-09T17:19:53","modified_gmt":"2022-06-09T17:19:53","slug":"reportagebegleitung","status":"publish","type":"page","link":"https:\/\/derbildkomponist.de\/?page_id=4357","title":{"rendered":"Reportagebegleitung"},"content":{"rendered":"\n<p>Wenn sie eine Festivit\u00e4t\/Veranstaltung haben, sei es beispielsweise ein Geburtstag, Hochzeit oder ein anderer besonderer Tag, dann k\u00f6nnen sie sich diesen von mir fotografisch dokumentieren lassen. Dabei ist es mir wichtig, Ihnen nachher einen aussagekr\u00e4ftiges, authentisches und spannendes &#8222;Abbild&#8220; ihre Veranstaltung anbieten zu k\u00f6nnen. Sie k\u00f6nnen Ihre Ereignis so immer wieder nacherleben. Dazu geh\u00f6rt f\u00fcr mich auch das Vorher, Details am Rande und nat\u00fcrlich der Focus auf die Veranstaltung selbst. Gerne biete ich das auch in sw an. Wieviel Fotos ich ihnen dann letztendlich zur Verf\u00fcgung stellen kann ist sehr individuell abh\u00e4ngig von der Veranstaltung. Digital sind ja keine Grenzen gesetzt und ich fotografiere sowieso wesentlich mehr, um ihnen nachher eine gute und vielf\u00e4ltige Bildauswahl  anbieten zu k\u00f6nnen.<\/p>\n\n\n\n<p>Um ihnen nicht nur in Textform etwas \u00fcber mein Angebot einer sogenannten Reportagebegleitung zu liefern, lass ich einmal einige meiner Fotos aus solchen Veranstaltungen sprechen. <a href=\"http:\/\/derbildkomponist.de\/?page_id=4373\" target=\"_blank\" rel=\"noreferrer noopener\"><strong><span class=\"has-inline-color has-vivid-cyan-blue-color\">Hier geht es zu einigen Fotos.<\/span><\/strong> <\/a><\/p>\n\n\n\n<p>Und das sind die m\u00f6glichen Kosten, die auf sie zukommen k\u00f6nnten:<\/p>\n\n\n\n<p class=\"has-text-align-center\"><strong>150,-<\/strong> Reportagebegleitung ca. 1 Stunde inkl. Bildbearbeitung <\/p>\n\n\n\n<p class=\"has-text-align-center\"><strong>70,- <\/strong>jede weiter Stunde<\/p>\n\n\n\n<p>Immer bekommen sie im Anschlu\u00df ihre Fotos als Originaldatei zur Verf\u00fcgung gestellt, ob in Farbe oder in Schwarzweiss. Bei Wunsch kann auch ein kleines Fotobuch oder gedruckte Fotos auf verschiedenste Oberfl\u00e4chen und Materialien erstellt werden. Preise dazu auf pers\u00f6nliche Anfrage.<\/p>\n","protected":false},"excerpt":{"rendered":"<p> &hellip;<\/p>\n","protected":false},"author":1,"featured_media":4392,"parent":0,"menu_order":0,"comment_status":"closed","ping_status":"closed","template":"","meta":{"ngg_post_thumbnail":0,"jetpack_post_was_ever_published":false,"footnotes":""},"jetpack_sharing_enabled":true,"_links":{"self":[{"href":"https:\/\/derbildkomponist.de\/index.php?rest_route=\/wp\/v2\/pages\/4357"}],"collection":[{"href":"https:\/\/derbildkomponist.de\/index.php?rest_route=\/wp\/v2\/pages"}],"about":[{"href":"https:\/\/derbildkomponist.de\/index.php?rest_route=\/wp\/v2\/types\/page"}],"author":[{"embeddable":true,"href":"https:\/\/derbildkomponist.de\/index.php?rest_route=\/wp\/v2\/users\/1"}],"replies":[{"embeddable":true,"href":"https:\/\/derbildkomponist.de\/index.php?rest_route=%2Fwp%2Fv2%2Fcomments&post=4357"}],"version-history":[{"count":8,"href":"https:\/\/derbildkomponist.de\/index.php?rest_route=\/wp\/v2\/pages\/4357\/revisions"}],"predecessor-version":[{"id":4426,"href":"https:\/\/derbildkomponist.de\/index.php?rest_route=\/wp\/v2\/pages\/4357\/revisions\/4426"}],"wp:featuredmedia":[{"embeddable":true,"href":"https:\/\/derbildkomponist.de\/index.php?rest_route=\/wp\/v2\/media\/4392"}],"wp:attachment":[{"href":"https:\/\/derbildkomponist.de\/index.php?rest_route=%2Fwp%2Fv2%2Fmedia&parent=4357"}],"curies":[{"name":"wp","href":"https:\/\/api.w.org\/{rel}","templated":true}]}}