{"id":4364,"date":"2022-06-08T21:44:58","date_gmt":"2022-06-08T21:44:58","guid":{"rendered":"http:\/\/derbildkomponist.de\/?page_id=4364"},"modified":"2022-06-09T17:20:43","modified_gmt":"2022-06-09T17:20:43","slug":"bilder-2","status":"publish","type":"page","link":"https:\/\/derbildkomponist.de\/?page_id=4364","title":{"rendered":"Bilder"},"content":{"rendered":"\n<p>Inzwischen habe ich einige Fotos in verschiedener Form verkaufen k\u00f6nnen, sei es einfach ausbelichtet, in Acryl oder auf Leinwand oder auch nur die Datei f\u00fcr eine eigene Ver\u00f6ffentlichung. Dabei beginnen die Preise bei 40,- \u20ac und richten sich nach Material und Gr\u00f6\u00dfe. Individuelle Beratung auf Anfrage.<\/p>\n\n\n\n<p>Im Folgenden k\u00f6nnen sie einige meiner Bestseller anschauen. <\/p>\n\n\n\n<figure class=\"wp-block-gallery columns-1 is-cropped wp-block-gallery-1 is-layout-flex wp-block-gallery-is-layout-flex\"><ul class=\"blocks-gallery-grid\"><li class=\"blocks-gallery-item\"><figure><img loading=\"lazy\" decoding=\"async\" width=\"1024\" height=\"341\" src=\"http:\/\/derbildkomponist.de\/wp-content\/uploads\/2022\/06\/001-Drei-Zinnen-2ag-Bearbeitet-1024x341.jpg\" alt=\"\" data-id=\"4411\" data-full-url=\"http:\/\/derbildkomponist.de\/wp-content\/uploads\/2022\/06\/001-Drei-Zinnen-2ag-Bearbeitet.jpg\" data-link=\"http:\/\/derbildkomponist.de\/?attachment_id=4411\" class=\"wp-image-4411\" srcset=\"https:\/\/derbildkomponist.de\/wp-content\/uploads\/2022\/06\/001-Drei-Zinnen-2ag-Bearbeitet-1024x341.jpg 1024w, https:\/\/derbildkomponist.de\/wp-content\/uploads\/2022\/06\/001-Drei-Zinnen-2ag-Bearbeitet-300x100.jpg 300w, https:\/\/derbildkomponist.de\/wp-content\/uploads\/2022\/06\/001-Drei-Zinnen-2ag-Bearbeitet-768x256.jpg 768w, https:\/\/derbildkomponist.de\/wp-content\/uploads\/2022\/06\/001-Drei-Zinnen-2ag-Bearbeitet-1536x512.jpg 1536w, https:\/\/derbildkomponist.de\/wp-content\/uploads\/2022\/06\/001-Drei-Zinnen-2ag-Bearbeitet-2000x666.jpg 2000w, https:\/\/derbildkomponist.de\/wp-content\/uploads\/2022\/06\/001-Drei-Zinnen-2ag-Bearbeitet.jpg 2048w\" sizes=\"(max-width: 1024px) 100vw, 1024px\" \/><figcaption class=\"blocks-gallery-item__caption\">Drei Zinnen-Panorama<\/figcaption><\/figure><\/li><li class=\"blocks-gallery-item\"><figure><img loading=\"lazy\" decoding=\"async\" width=\"1024\" height=\"683\" src=\"http:\/\/derbildkomponist.de\/wp-content\/uploads\/2022\/06\/002-IMG_0123-1024x683.jpg\" alt=\"\" data-id=\"4412\" data-full-url=\"http:\/\/derbildkomponist.de\/wp-content\/uploads\/2022\/06\/002-IMG_0123.jpg\" data-link=\"http:\/\/derbildkomponist.de\/?attachment_id=4412\" class=\"wp-image-4412\" srcset=\"https:\/\/derbildkomponist.de\/wp-content\/uploads\/2022\/06\/002-IMG_0123-1024x683.jpg 1024w, https:\/\/derbildkomponist.de\/wp-content\/uploads\/2022\/06\/002-IMG_0123-300x200.jpg 300w, https:\/\/derbildkomponist.de\/wp-content\/uploads\/2022\/06\/002-IMG_0123-768x512.jpg 768w, https:\/\/derbildkomponist.de\/wp-content\/uploads\/2022\/06\/002-IMG_0123-1536x1025.jpg 1536w, https:\/\/derbildkomponist.de\/wp-content\/uploads\/2022\/06\/002-IMG_0123-2000x1334.jpg 2000w, https:\/\/derbildkomponist.de\/wp-content\/uploads\/2022\/06\/002-IMG_0123.jpg 2048w\" sizes=\"(max-width: 1024px) 100vw, 1024px\" \/><figcaption class=\"blocks-gallery-item__caption\">+ gr\u00fcn &#8211; Erl\u00f6serkirche in M\u00fcnster<\/figcaption><\/figure><\/li><li class=\"blocks-gallery-item\"><figure><img loading=\"lazy\" decoding=\"async\" width=\"1024\" height=\"683\" src=\"http:\/\/derbildkomponist.de\/wp-content\/uploads\/2022\/06\/003-IMG_0339-1024x683.jpg\" alt=\"\" data-id=\"4413\" data-full-url=\"http:\/\/derbildkomponist.de\/wp-content\/uploads\/2022\/06\/003-IMG_0339.jpg\" data-link=\"http:\/\/derbildkomponist.de\/?attachment_id=4413\" class=\"wp-image-4413\" srcset=\"https:\/\/derbildkomponist.de\/wp-content\/uploads\/2022\/06\/003-IMG_0339-1024x683.jpg 1024w, https:\/\/derbildkomponist.de\/wp-content\/uploads\/2022\/06\/003-IMG_0339-300x200.jpg 300w, https:\/\/derbildkomponist.de\/wp-content\/uploads\/2022\/06\/003-IMG_0339-768x512.jpg 768w, https:\/\/derbildkomponist.de\/wp-content\/uploads\/2022\/06\/003-IMG_0339-1536x1024.jpg 1536w, https:\/\/derbildkomponist.de\/wp-content\/uploads\/2022\/06\/003-IMG_0339-2000x1333.jpg 2000w, https:\/\/derbildkomponist.de\/wp-content\/uploads\/2022\/06\/003-IMG_0339.jpg 2048w\" sizes=\"(max-width: 1024px) 100vw, 1024px\" \/><figcaption class=\"blocks-gallery-item__caption\">S bl\u00fcht&#8230; &#8211; Pfingstrose<\/figcaption><\/figure><\/li><li class=\"blocks-gallery-item\"><figure><img loading=\"lazy\" decoding=\"async\" width=\"1024\" height=\"1024\" src=\"http:\/\/derbildkomponist.de\/wp-content\/uploads\/2022\/06\/004-db_20170413_094-1024x1024.jpg\" alt=\"\" data-id=\"4414\" data-full-url=\"http:\/\/derbildkomponist.de\/wp-content\/uploads\/2022\/06\/004-db_20170413_094.jpg\" data-link=\"http:\/\/derbildkomponist.de\/?attachment_id=4414\" class=\"wp-image-4414\" srcset=\"https:\/\/derbildkomponist.de\/wp-content\/uploads\/2022\/06\/004-db_20170413_094-1024x1024.jpg 1024w, https:\/\/derbildkomponist.de\/wp-content\/uploads\/2022\/06\/004-db_20170413_094-300x300.jpg 300w, https:\/\/derbildkomponist.de\/wp-content\/uploads\/2022\/06\/004-db_20170413_094-150x150.jpg 150w, https:\/\/derbildkomponist.de\/wp-content\/uploads\/2022\/06\/004-db_20170413_094-768x768.jpg 768w, https:\/\/derbildkomponist.de\/wp-content\/uploads\/2022\/06\/004-db_20170413_094-1536x1536.jpg 1536w, https:\/\/derbildkomponist.de\/wp-content\/uploads\/2022\/06\/004-db_20170413_094.jpg 2048w, https:\/\/derbildkomponist.de\/wp-content\/uploads\/2022\/06\/004-db_20170413_094-2000x2000.jpg 2000w\" sizes=\"(max-width: 1024px) 100vw, 1024px\" \/><figcaption class=\"blocks-gallery-item__caption\">Ohne Moos nix los<\/figcaption><\/figure><\/li><li class=\"blocks-gallery-item\"><figure><img loading=\"lazy\" decoding=\"async\" width=\"1024\" height=\"683\" src=\"http:\/\/derbildkomponist.de\/wp-content\/uploads\/2022\/06\/005-IMG_0960-1024x683.jpg\" alt=\"\" data-id=\"4415\" data-full-url=\"http:\/\/derbildkomponist.de\/wp-content\/uploads\/2022\/06\/005-IMG_0960.jpg\" data-link=\"http:\/\/derbildkomponist.de\/?attachment_id=4415\" class=\"wp-image-4415\" srcset=\"https:\/\/derbildkomponist.de\/wp-content\/uploads\/2022\/06\/005-IMG_0960-1024x683.jpg 1024w, https:\/\/derbildkomponist.de\/wp-content\/uploads\/2022\/06\/005-IMG_0960-300x200.jpg 300w, https:\/\/derbildkomponist.de\/wp-content\/uploads\/2022\/06\/005-IMG_0960-768x512.jpg 768w, https:\/\/derbildkomponist.de\/wp-content\/uploads\/2022\/06\/005-IMG_0960-1536x1024.jpg 1536w, https:\/\/derbildkomponist.de\/wp-content\/uploads\/2022\/06\/005-IMG_0960-2000x1333.jpg 2000w, https:\/\/derbildkomponist.de\/wp-content\/uploads\/2022\/06\/005-IMG_0960.jpg 2048w\" sizes=\"(max-width: 1024px) 100vw, 1024px\" \/><figcaption class=\"blocks-gallery-item__caption\">Einblick in ein Mineralwasserglas<\/figcaption><\/figure><\/li><li class=\"blocks-gallery-item\"><figure><img loading=\"lazy\" decoding=\"async\" width=\"1024\" height=\"683\" src=\"http:\/\/derbildkomponist.de\/wp-content\/uploads\/2022\/06\/006-db_20151115_261-1024x683.jpg\" alt=\"\" data-id=\"4416\" data-full-url=\"http:\/\/derbildkomponist.de\/wp-content\/uploads\/2022\/06\/006-db_20151115_261.jpg\" data-link=\"http:\/\/derbildkomponist.de\/?attachment_id=4416\" class=\"wp-image-4416\" srcset=\"https:\/\/derbildkomponist.de\/wp-content\/uploads\/2022\/06\/006-db_20151115_261-1024x683.jpg 1024w, https:\/\/derbildkomponist.de\/wp-content\/uploads\/2022\/06\/006-db_20151115_261-300x200.jpg 300w, https:\/\/derbildkomponist.de\/wp-content\/uploads\/2022\/06\/006-db_20151115_261-768x512.jpg 768w, https:\/\/derbildkomponist.de\/wp-content\/uploads\/2022\/06\/006-db_20151115_261-1536x1024.jpg 1536w, https:\/\/derbildkomponist.de\/wp-content\/uploads\/2022\/06\/006-db_20151115_261-2000x1333.jpg 2000w, https:\/\/derbildkomponist.de\/wp-content\/uploads\/2022\/06\/006-db_20151115_261.jpg 2048w\" sizes=\"(max-width: 1024px) 100vw, 1024px\" \/><figcaption class=\"blocks-gallery-item__caption\">Fiat 500 in Florenz<\/figcaption><\/figure><\/li><li class=\"blocks-gallery-item\"><figure><img loading=\"lazy\" decoding=\"async\" width=\"1024\" height=\"683\" src=\"http:\/\/derbildkomponist.de\/wp-content\/uploads\/2022\/06\/007-db_20171121_005-1024x683.jpg\" alt=\"\" data-id=\"4417\" data-full-url=\"http:\/\/derbildkomponist.de\/wp-content\/uploads\/2022\/06\/007-db_20171121_005.jpg\" data-link=\"http:\/\/derbildkomponist.de\/?attachment_id=4417\" class=\"wp-image-4417\" srcset=\"https:\/\/derbildkomponist.de\/wp-content\/uploads\/2022\/06\/007-db_20171121_005-1024x683.jpg 1024w, https:\/\/derbildkomponist.de\/wp-content\/uploads\/2022\/06\/007-db_20171121_005-300x200.jpg 300w, https:\/\/derbildkomponist.de\/wp-content\/uploads\/2022\/06\/007-db_20171121_005-768x512.jpg 768w, https:\/\/derbildkomponist.de\/wp-content\/uploads\/2022\/06\/007-db_20171121_005-1536x1024.jpg 1536w, https:\/\/derbildkomponist.de\/wp-content\/uploads\/2022\/06\/007-db_20171121_005-2000x1333.jpg 2000w, https:\/\/derbildkomponist.de\/wp-content\/uploads\/2022\/06\/007-db_20171121_005.jpg 2048w\" sizes=\"(max-width: 1024px) 100vw, 1024px\" \/><figcaption class=\"blocks-gallery-item__caption\">Herbststudie am Dom 1<\/figcaption><\/figure><\/li><li class=\"blocks-gallery-item\"><figure><img loading=\"lazy\" decoding=\"async\" width=\"1024\" height=\"683\" src=\"http:\/\/derbildkomponist.de\/wp-content\/uploads\/2022\/06\/008-db_20160724_102-Bearbeitet-1024x683.jpg\" alt=\"\" data-id=\"4418\" data-full-url=\"http:\/\/derbildkomponist.de\/wp-content\/uploads\/2022\/06\/008-db_20160724_102-Bearbeitet.jpg\" data-link=\"http:\/\/derbildkomponist.de\/?attachment_id=4418\" class=\"wp-image-4418\" srcset=\"https:\/\/derbildkomponist.de\/wp-content\/uploads\/2022\/06\/008-db_20160724_102-Bearbeitet-1024x683.jpg 1024w, https:\/\/derbildkomponist.de\/wp-content\/uploads\/2022\/06\/008-db_20160724_102-Bearbeitet-300x200.jpg 300w, https:\/\/derbildkomponist.de\/wp-content\/uploads\/2022\/06\/008-db_20160724_102-Bearbeitet-768x512.jpg 768w, https:\/\/derbildkomponist.de\/wp-content\/uploads\/2022\/06\/008-db_20160724_102-Bearbeitet-1536x1025.jpg 1536w, https:\/\/derbildkomponist.de\/wp-content\/uploads\/2022\/06\/008-db_20160724_102-Bearbeitet-2000x1334.jpg 2000w, https:\/\/derbildkomponist.de\/wp-content\/uploads\/2022\/06\/008-db_20160724_102-Bearbeitet.jpg 2048w\" sizes=\"(max-width: 1024px) 100vw, 1024px\" \/><figcaption class=\"blocks-gallery-item__caption\">Spiegelungsspielerei Am Prinzipalmarkt<\/figcaption><\/figure><\/li><li class=\"blocks-gallery-item\"><figure><img loading=\"lazy\" decoding=\"async\" width=\"683\" height=\"1024\" src=\"http:\/\/derbildkomponist.de\/wp-content\/uploads\/2022\/06\/009-08.16-683x1024.jpg\" alt=\"\" data-id=\"4419\" data-full-url=\"http:\/\/derbildkomponist.de\/wp-content\/uploads\/2022\/06\/009-08.16.jpg\" data-link=\"http:\/\/derbildkomponist.de\/?attachment_id=4419\" class=\"wp-image-4419\" srcset=\"https:\/\/derbildkomponist.de\/wp-content\/uploads\/2022\/06\/009-08.16-683x1024.jpg 683w, https:\/\/derbildkomponist.de\/wp-content\/uploads\/2022\/06\/009-08.16-200x300.jpg 200w, https:\/\/derbildkomponist.de\/wp-content\/uploads\/2022\/06\/009-08.16-768x1152.jpg 768w, https:\/\/derbildkomponist.de\/wp-content\/uploads\/2022\/06\/009-08.16-1024x1536.jpg 1024w, https:\/\/derbildkomponist.de\/wp-content\/uploads\/2022\/06\/009-08.16.jpg 1365w\" sizes=\"(max-width: 683px) 100vw, 683px\" \/><figcaption class=\"blocks-gallery-item__caption\">Marktzeit am Dom<\/figcaption><\/figure><\/li><li class=\"blocks-gallery-item\"><figure><img loading=\"lazy\" decoding=\"async\" width=\"1024\" height=\"683\" src=\"http:\/\/derbildkomponist.de\/wp-content\/uploads\/2022\/06\/010-08.11-1024x683.jpg\" alt=\"\" data-id=\"4420\" data-full-url=\"http:\/\/derbildkomponist.de\/wp-content\/uploads\/2022\/06\/010-08.11.jpg\" data-link=\"http:\/\/derbildkomponist.de\/?attachment_id=4420\" class=\"wp-image-4420\" srcset=\"https:\/\/derbildkomponist.de\/wp-content\/uploads\/2022\/06\/010-08.11-1024x683.jpg 1024w, https:\/\/derbildkomponist.de\/wp-content\/uploads\/2022\/06\/010-08.11-300x200.jpg 300w, https:\/\/derbildkomponist.de\/wp-content\/uploads\/2022\/06\/010-08.11-768x512.jpg 768w, https:\/\/derbildkomponist.de\/wp-content\/uploads\/2022\/06\/010-08.11-1536x1024.jpg 1536w, https:\/\/derbildkomponist.de\/wp-content\/uploads\/2022\/06\/010-08.11-2000x1333.jpg 2000w, https:\/\/derbildkomponist.de\/wp-content\/uploads\/2022\/06\/010-08.11.jpg 2048w\" sizes=\"(max-width: 1024px) 100vw, 1024px\" \/><figcaption class=\"blocks-gallery-item__caption\">F\u00fchlbares M\u00fcnster<\/figcaption><\/figure><\/li><\/ul><\/figure>\n","protected":false},"excerpt":{"rendered":"<p> &hellip;<\/p>\n","protected":false},"author":1,"featured_media":4413,"parent":0,"menu_order":0,"comment_status":"closed","ping_status":"closed","template":"","meta":{"ngg_post_thumbnail":0,"jetpack_post_was_ever_published":false,"footnotes":""},"jetpack_sharing_enabled":true,"_links":{"self":[{"href":"https:\/\/derbildkomponist.de\/index.php?rest_route=\/wp\/v2\/pages\/4364"}],"collection":[{"href":"https:\/\/derbildkomponist.de\/index.php?rest_route=\/wp\/v2\/pages"}],"about":[{"href":"https:\/\/derbildkomponist.de\/index.php?rest_route=\/wp\/v2\/types\/page"}],"author":[{"embeddable":true,"href":"https:\/\/derbildkomponist.de\/index.php?rest_route=\/wp\/v2\/users\/1"}],"replies":[{"embeddable":true,"href":"https:\/\/derbildkomponist.de\/index.php?rest_route=%2Fwp%2Fv2%2Fcomments&post=4364"}],"version-history":[{"count":3,"href":"https:\/\/derbildkomponist.de\/index.php?rest_route=\/wp\/v2\/pages\/4364\/revisions"}],"predecessor-version":[{"id":4421,"href":"https:\/\/derbildkomponist.de\/index.php?rest_route=\/wp\/v2\/pages\/4364\/revisions\/4421"}],"wp:featuredmedia":[{"embeddable":true,"href":"https:\/\/derbildkomponist.de\/index.php?rest_route=\/wp\/v2\/media\/4413"}],"wp:attachment":[{"href":"https:\/\/derbildkomponist.de\/index.php?rest_route=%2Fwp%2Fv2%2Fmedia&parent=4364"}],"curies":[{"name":"wp","href":"https:\/\/api.w.org\/{rel}","templated":true}]}}