{"id":4370,"date":"2022-06-09T16:57:05","date_gmt":"2022-06-09T16:57:05","guid":{"rendered":"http:\/\/derbildkomponist.de\/?page_id=4370"},"modified":"2022-06-14T21:26:09","modified_gmt":"2022-06-14T21:26:09","slug":"portraits","status":"publish","type":"page","link":"https:\/\/derbildkomponist.de\/?page_id=4370","title":{"rendered":"Portraits"},"content":{"rendered":"\n<p>Inzwischen habe ich reichhaltige Erfahrungen in Sachen Portraits gemacht, so dass ich ihnen in einem Vorgespr\u00e4ch eine auf ihre W\u00fcnsche passende Fotoidee f\u00fcr ihr Portrait anbieten kann, ob in der Natur, an ihrem Lieblingsort, oder bei ihnen zuhause. Damit sie eine bildliche Vorstellung bekommen k\u00f6nnen sie sich hier einige<strong> <a href=\"http:\/\/derbildkomponist.de\/?page_id=4373\">Beispielfotos<\/a> <\/strong>anschauen<\/p>\n\n\n\n<p><a rel=\"noreferrer noopener\" href=\"http:\/\/derbildkomponist.de\/?page_id=4373\" target=\"_blank\"><strong><span class=\"has-inline-color has-vivid-cyan-blue-color\"><\/span><\/strong><\/a>Und das kommt finanziell auf sie zu:<\/p>\n\n\n\n<p><strong>70,-<\/strong> ein einzelnes Portrait\/Gruppenfoto f\u00fcr z.B. Presse o.\u00e4.<\/p>\n\n\n\n<p><strong>150,-<\/strong> Portraitschooting mit verschiedenen Motivideen und kleiner Bildauswahl(3-5 Motive) dieses Schootings. Dauer max. 1 Stunde<\/p>\n\n\n\n<p>Eine Individuelle Betreuung eines Shootings bei mehr als 1 Stunde auf Anfrage. Ich erstelle ihnen gerne ein Angebot<\/p>\n","protected":false},"excerpt":{"rendered":"<p> &hellip;<\/p>\n","protected":false},"author":1,"featured_media":4385,"parent":0,"menu_order":0,"comment_status":"closed","ping_status":"closed","template":"","meta":{"ngg_post_thumbnail":0,"jetpack_post_was_ever_published":false,"footnotes":""},"jetpack_sharing_enabled":true,"_links":{"self":[{"href":"https:\/\/derbildkomponist.de\/index.php?rest_route=\/wp\/v2\/pages\/4370"}],"collection":[{"href":"https:\/\/derbildkomponist.de\/index.php?rest_route=\/wp\/v2\/pages"}],"about":[{"href":"https:\/\/derbildkomponist.de\/index.php?rest_route=\/wp\/v2\/types\/page"}],"author":[{"embeddable":true,"href":"https:\/\/derbildkomponist.de\/index.php?rest_route=\/wp\/v2\/users\/1"}],"replies":[{"embeddable":true,"href":"https:\/\/derbildkomponist.de\/index.php?rest_route=%2Fwp%2Fv2%2Fcomments&post=4370"}],"version-history":[{"count":4,"href":"https:\/\/derbildkomponist.de\/index.php?rest_route=\/wp\/v2\/pages\/4370\/revisions"}],"predecessor-version":[{"id":4454,"href":"https:\/\/derbildkomponist.de\/index.php?rest_route=\/wp\/v2\/pages\/4370\/revisions\/4454"}],"wp:featuredmedia":[{"embeddable":true,"href":"https:\/\/derbildkomponist.de\/index.php?rest_route=\/wp\/v2\/media\/4385"}],"wp:attachment":[{"href":"https:\/\/derbildkomponist.de\/index.php?rest_route=%2Fwp%2Fv2%2Fmedia&parent=4370"}],"curies":[{"name":"wp","href":"https:\/\/api.w.org\/{rel}","templated":true}]}}