{"id":64,"date":"2019-09-15T20:37:33","date_gmt":"2019-09-15T20:37:33","guid":{"rendered":"http:\/\/derbildkomponist.de\/?page_id=64"},"modified":"2026-04-01T18:31:10","modified_gmt":"2026-04-01T18:31:10","slug":"derbildkomponist","status":"publish","type":"page","link":"https:\/\/derbildkomponist.de\/?page_id=64","title":{"rendered":"\u00dcber mich"},"content":{"rendered":"\n<p class=\"has-black-color has-cyan-bluish-gray-background-color has-text-color has-background\"><strong>Kurz gesagt: Bratscher mit Fotografierhintergrund und eindeutiger Tendenz, diesen Hintergrund in den Vordergrund zu r\u00fccken, das immer mit Leidenschaft zu tun und (fast) alles abzulichten was einem so unweigerlich vor die verschiedensten Linsen kommt. Wer nun noch mehr wissen m\u00f6chte, der darf gerne weiterlesen.<\/strong><\/p>\n\n\n\n<hr class=\"wp-block-separator has-css-opacity\"\/>\n\n\n\n<p><strong>Fotografieren zwischen Hobby&nbsp; und Beruf(ung)<\/strong><\/p>\n\n\n\n<p>Das Hobby der Fotografie betreibe ich schon seit meinem 10.Lebensjahr. Mit meiner ersten Spiegelreflexkamera habe ich mich in autodidaktischer Weise mit der Fotografie auseinandergesetzt, viel gelesen aber noch viel mehr \u201eprobiert\u201c. Mit einer schon fast historischen Dunkelkammerausr\u00fcstung von meinem ersten Geigenlehrer habe ich n\u00e4chteweise in der Dunkelkammer verbracht, um meine Schwarzwei\u00dfbilder selbst zu entwickeln. In den Ferienmonaten durfte ich als Sch\u00fcler f\u00fcr die Ahauser Zeitung Fotos machen und im Jahre 1983 gewann ich einen der<a href=\"http:\/\/bilder.derbildkomponist.de\/Fotowettbewerb.html\"> 1.Preise bei einem Fotowettbewerb <\/a> meiner Heimatstadt Ahaus, bei dem dann die gesamte Fotoserie im Ahauser Rathaus ausgestellt wurde. <\/p>\n\n\n\n<p>Zwischenzeitlich habe ich dann das Hobby etwas vernachl\u00e4ssigen m\u00fcssen, um mich beruflich auf meinen Instrumenten der Geige bzw. dann der Bratsche auf \u201eVordermann\u201c zu bringen. Nach einem Privatmusiklehrerstudium in M\u00fcnster und w\u00e4hrend meines Orchesterdiplomstudiums in Frankfurt war ich 1992-95 als Aushilfe im Philharmonischen Orchester Mainz t\u00e4tig. 1995 folgte dann die Festanstellung im Sinfonieorchester M\u00fcnster. Dort habe ich sozusagen die Liebe zur Fotografie wieder neu entdeckt und auf Wunsch der Kollegen in meiner Freizeit dort immer mal wieder zur Kamera gegriffen. So entstand meine umfangreiche Fotoserie vor und hinter den Kulissen des Musikbetriebes mit Blickwinkeln, die der \u201enormale\u201c Theaterbesucher so nicht erleben kann. Von der <strong>Spielzeit 07\/08 bis 11\/12<\/strong> war ich fotografisch f\u00fcr die kompletten Publikationen im Konzertbereich des <a aria-label=\"Sinfonieorchesters M\u00fcnster  (\u00f6ffnet in neuem Tab)\" href=\"http:\/\/www.sinfonieorchester-muenster.de\" target=\"_blank\" rel=\"noreferrer noopener\">Sinfonieorchesters M\u00fcnster<\/a> zust\u00e4ndig. Danach haupts\u00e4chlich noch f\u00fcr die Rathauskonzertfotos und einzelner Portraits. F\u00fcr das <strong>Spielzeitheft 2017\/18<\/strong> habe ich dann noch einmal s\u00e4mtliche KollegInnen portraitieren d\u00fcrfen. Aus den vielen musikalischen Motiven entstand die Idee eines Kalenders mit dem Thema <strong>&#8222;Variationen mit Musik&#8220;<\/strong>, den ich mit zunehmender Auflage seit 2014 drucke und verkaufe, inklusive einer Spendenaktion,\u00a0 bei der ich 2018 sogar <strong>4111,- Spendensumme f\u00fcr LIVE MUSIC\u00a0 NOW<\/strong> \u00fcbergeben konnte.<\/p>\n\n\n\n<p>Auch der Stadt M\u00fcnster widme ich mich mit meiner Serie der \u201eM\u00fcnster stattAnsichten\u201c, die ich bei der Apothekerkammer Westfalen Lippe (30.01.-27.04.07)\u00a0 pr\u00e4sentieren durfte. Bei der Ausstellung von Juli-November 2010 im Herrman-Bonnus-Haus\/Osnabr\u00fcck konnte ich einen kompletten Querschnitt meines Schaffens unter dem Thema <strong>\u201eBeziehungen\u201c<\/strong> pr\u00e4sentieren, wozu dann auch eigens ein weiteres kleines <a href=\"http:\/\/bilder.derbildkomponist.de\/Fotohefte.htm\"> Fotoheft<\/a> entstand. Inzwischen sind zwei weitere Ausstellungen gelaufen, einmal im <strong> Heidekrug<\/strong> in den Rieselfeldern( <strong> &#8222;Von der Kultur bis zur Natur&#8220;\u00a0 6\/2018-3\/2019<\/strong>) und im <strong>Handorfer Hof &#8222;Kleinigkeiten\u00a0 in Natur und Kultur&#8220; von 4-10\/2019<\/strong>. Zu meinem 60.Geburtstag habe ich 2024 tempor\u00e4r\u00a0 eine <strong>Popup-Galerie<\/strong> in Altenberge betrieben inkl. einer Ausstellung zum Thema &#8222;Drumherum um Altenberge&#8220;. Auch 2024 und 2025 gab es einen<strong> Kalender &#8222;In der Natur&#8220;<\/strong>, dessen Einnahmen ich an die Krebsberatung M\u00fcnster gespendet habe(1500\u20ac in 2024 und 1600\u20ac in 2025).<br>Zahlreiche Auftr\u00e4ge von K\u00fcnstlerpotrtraits \u00fcber Fotografie auf Erstkommunionen, Silberhochzeiten und anderen Veranstaltungen bis hin zur Kalendergestaltung 2011 f\u00fcr das <a href=\"http:\/\/www.orchester-mainz.de\/\" target=\"_blank\" rel=\"noreferrer noopener\"> Philharmonische\u00a0 Orchesters Mainz<\/a> haben aus dem Hobby ein zweites \u201eStandbein\u201c geschaffen und ich kann meinem urspr\u00fcnglich sogar einmal anvisierten Beruf des Fotografen nun wenigstens auch etwas ernsthafter nachgehen. Ein weiterer wichtiger und immer wieder erholsamer Schwerpunkt meiner Arbeit liegt im Bereich Natur. Sie bietet unersch\u00f6pfliche Kompositionsm\u00f6glichkeiten der Motive in allen Jahreszeiten, von ausschweifender Landschaftsfotografie bis hin zu feinen Strukturen der Flora und Fauna. <\/p>\n","protected":false},"excerpt":{"rendered":"<p> &hellip;<\/p>\n","protected":false},"author":1,"featured_media":3803,"parent":0,"menu_order":0,"comment_status":"closed","ping_status":"closed","template":"","meta":{"ngg_post_thumbnail":0,"jetpack_post_was_ever_published":false,"footnotes":""},"jetpack_sharing_enabled":true,"_links":{"self":[{"href":"https:\/\/derbildkomponist.de\/index.php?rest_route=\/wp\/v2\/pages\/64"}],"collection":[{"href":"https:\/\/derbildkomponist.de\/index.php?rest_route=\/wp\/v2\/pages"}],"about":[{"href":"https:\/\/derbildkomponist.de\/index.php?rest_route=\/wp\/v2\/types\/page"}],"author":[{"embeddable":true,"href":"https:\/\/derbildkomponist.de\/index.php?rest_route=\/wp\/v2\/users\/1"}],"replies":[{"embeddable":true,"href":"https:\/\/derbildkomponist.de\/index.php?rest_route=%2Fwp%2Fv2%2Fcomments&post=64"}],"version-history":[{"count":12,"href":"https:\/\/derbildkomponist.de\/index.php?rest_route=\/wp\/v2\/pages\/64\/revisions"}],"predecessor-version":[{"id":11590,"href":"https:\/\/derbildkomponist.de\/index.php?rest_route=\/wp\/v2\/pages\/64\/revisions\/11590"}],"wp:featuredmedia":[{"embeddable":true,"href":"https:\/\/derbildkomponist.de\/index.php?rest_route=\/wp\/v2\/media\/3803"}],"wp:attachment":[{"href":"https:\/\/derbildkomponist.de\/index.php?rest_route=%2Fwp%2Fv2%2Fmedia&parent=64"}],"curies":[{"name":"wp","href":"https:\/\/api.w.org\/{rel}","templated":true}]}}