{"id":68,"date":"2019-09-15T20:37:33","date_gmt":"2019-09-15T20:37:33","guid":{"rendered":"http:\/\/derbildkomponist.de\/?page_id=68"},"modified":"2019-09-26T16:44:00","modified_gmt":"2019-09-26T16:44:00","slug":"medien","status":"publish","type":"page","link":"https:\/\/derbildkomponist.de\/?page_id=68","title":{"rendered":"und zwei Bilderb\u00fccher"},"content":{"rendered":"\n<div class=\"wp-block-image\"><figure class=\"aligncenter is-resized\"><img loading=\"lazy\" decoding=\"async\" src=\"http:\/\/bilder.derbildkomponist.de\/BilderWebseite\/Flyer_stattAnsichten_Seite_1.jpg\" alt=\"\" width=\"274\" height=\"385\"\/><\/figure><\/div>\n\n\n\n<p>Der Erfolg und Ausverkauf der ersten Auflage hat mich dazu bewogen, ein neues Fotobuch zu erstellen, welches von 32 auf nun 96  Seiten gewachsen ist und insgesamt  240 Fotos beinhaltet. F\u00fcr  20,-\u20ac  (zzgl. 2,20\u20ac Versand)  ist es noch k\u00e4uflich zu erwerben. <br>Eine elektronische Kostprobe gibt es hier: <a rel=\"noreferrer noopener\" target=\"_blank\" href=\"http:\/\/bilder.derbildkomponist.de\/stattAnsichten_2012.pdf\"> M\u00fcnster &#8211; stattAnsichten 2012<\/a>. <br>Dort k\u00f6nnen sie auch genauere Informationen \u00fcber das Buch erhalten.<\/p>\n\n\n\n<hr class=\"wp-block-separator\"\/>\n\n\n\n<div class=\"wp-block-image\"><figure class=\"aligncenter is-resized\"><img loading=\"lazy\" decoding=\"async\" src=\"http:\/\/bilder.derbildkomponist.de\/BilderWebseite\/preview.jpg\" alt=\"\" width=\"476\" height=\"340\"\/><\/figure><\/div>\n\n\n\n<p> <br>Das ist der rote Faden, der Sie thematisch durch diesen kleinen, feinen Fotoband begleitet. Ob Stacheldraht mit Raureif zu  vergleichen ist, oder Armierungseisen mit Gras? Manche Beziehungen  sind offensichtlich, manche subtil\u2026, manche &#8222;erzwungen&#8220;, manche erst  bei der Zusammenstellung f\u00fcr diesen Band \u201eentstanden\u201c und manche  sogar in einem Bild zu finden. Vielleicht entdecken sie ja auch noch  ihre ganz eigenen \u201eBeziehungen\u201c in und zu meinen Bildern.<br>Fotoheft Querformat (205&#215;140 mm\u00b2) 72 Seiten mit ganzseitigen Fotos 1.Auflage<br>Preis: 15,-<br><a href=\"http:\/\/bilder.derbildkomponist.de\/Beziehungen.pdf\"> <strong>Beispielseiten als PDF-Datei<\/strong><\/a><\/p>\n\n\n\n<hr class=\"wp-block-separator\"\/>\n\n\n\n<p><strong> Videos  <\/strong><\/p>\n\n\n\n<p style=\"text-align:left\">Bei youtube habe ich zwei eigene  Videoproduktionen eingestellt, in denen meine Fotos &#8222;bewegt&#8220; werden,  einmal zur Musik der Alpensinfonie:<br><strong><a rel=\"noreferrer noopener\" href=\"https:\/\/www.youtube.com\/watch?v=PNoe3WM9IKk\" target=\"_blank\">Alpensinfonie<\/a><\/strong><br>und zu Mahlers 10.Sinfonie:<br><strong><a rel=\"noreferrer noopener\" href=\"https:\/\/www.youtube.com\/watch?v=tQ8Eiq6zSFo&amp;t=206s\" target=\"_blank\">Mahlers 10.Sinfonie<\/a><\/strong><br><br>Viel Spass beim Schauen!<\/p>\n\n\n\n<hr class=\"wp-block-separator\"\/>\n\n\n\n<p>Ach, \u00fcbrigens:<br>Die Fotohefte k\u00f6nnen per e-mail:  andreas.denhoff(\u00e4t)web.de  ,oder telefonisch:Tel.:  02505-623796  bei mir bestellt werden.<br>Gerne k\u00f6nnen Sie auch jedes einzelne meiner Fotos in jeder Gr\u00f6\u00dfe,  mit und ohne Rahmen oder Passepartout bestellen.Als besonderes Angebot biete ich meine Fotos auf Leinwand mit  Keilrahmen gedruckt an. Diese werden in einer exklusiven Auflage von  max. 10 Exemplaren pro Bild verkauft.Alle Preise auf Anfrage.<\/p>\n\n\n\n<hr class=\"wp-block-separator\"\/>\n","protected":false},"excerpt":{"rendered":"<p> &hellip;<\/p>\n","protected":false},"author":1,"featured_media":0,"parent":0,"menu_order":0,"comment_status":"closed","ping_status":"closed","template":"","meta":{"ngg_post_thumbnail":0,"jetpack_post_was_ever_published":false,"footnotes":""},"jetpack_sharing_enabled":true,"_links":{"self":[{"href":"https:\/\/derbildkomponist.de\/index.php?rest_route=\/wp\/v2\/pages\/68"}],"collection":[{"href":"https:\/\/derbildkomponist.de\/index.php?rest_route=\/wp\/v2\/pages"}],"about":[{"href":"https:\/\/derbildkomponist.de\/index.php?rest_route=\/wp\/v2\/types\/page"}],"author":[{"embeddable":true,"href":"https:\/\/derbildkomponist.de\/index.php?rest_route=\/wp\/v2\/users\/1"}],"replies":[{"embeddable":true,"href":"https:\/\/derbildkomponist.de\/index.php?rest_route=%2Fwp%2Fv2%2Fcomments&post=68"}],"version-history":[{"count":7,"href":"https:\/\/derbildkomponist.de\/index.php?rest_route=\/wp\/v2\/pages\/68\/revisions"}],"predecessor-version":[{"id":596,"href":"https:\/\/derbildkomponist.de\/index.php?rest_route=\/wp\/v2\/pages\/68\/revisions\/596"}],"wp:attachment":[{"href":"https:\/\/derbildkomponist.de\/index.php?rest_route=%2Fwp%2Fv2%2Fmedia&parent=68"}],"curies":[{"name":"wp","href":"https:\/\/api.w.org\/{rel}","templated":true}]}}