{"id":738,"date":"2019-09-30T09:52:17","date_gmt":"2019-09-30T09:52:17","guid":{"rendered":"http:\/\/derbildkomponist.de\/?page_id=738"},"modified":"2022-06-01T06:17:29","modified_gmt":"2022-06-01T06:17:29","slug":"444-x","status":"publish","type":"page","link":"https:\/\/derbildkomponist.de\/?page_id=738","title":{"rendered":"444 X"},"content":{"rendered":"\n<p class=\"has-cyan-bluish-gray-background-color has-background\">Ich habe hier mal 444 Fotos aus meiner immensen Sammlung ausgew\u00e4hlt und sie in vier Kategorien eingeteilt, die thematisch meine Fotografie immer wieder pr\u00e4gen und die zu meinen &#8222;Lieblingsfotos&#8220; geh\u00f6ren:  <\/p>\n\n\n\n<p class=\"has-text-align-center\"><a href=\"http:\/\/derbildkomponist.de\/?page_id=994\" data-type=\"URL\" data-id=\"http:\/\/derbildkomponist.de\/?page_id=994\">NATUR <\/a>&#8211; <a href=\"http:\/\/derbildkomponist.de\/?page_id=1114\">KULTUR<\/a> &#8211;<a href=\"http:\/\/derbildkomponist.de\/?page_id=750\">MAKRO<\/a> &#8211; <a href=\"http:\/\/derbildkomponist.de\/?page_id=623\">SCHWARZWEISS<\/a><\/p>\n\n\n\n<p><\/p>\n","protected":false},"excerpt":{"rendered":"<p> &hellip;<\/p>\n","protected":false},"author":1,"featured_media":0,"parent":0,"menu_order":0,"comment_status":"closed","ping_status":"closed","template":"","meta":{"ngg_post_thumbnail":0,"jetpack_post_was_ever_published":false,"footnotes":""},"jetpack_sharing_enabled":true,"_links":{"self":[{"href":"https:\/\/derbildkomponist.de\/index.php?rest_route=\/wp\/v2\/pages\/738"}],"collection":[{"href":"https:\/\/derbildkomponist.de\/index.php?rest_route=\/wp\/v2\/pages"}],"about":[{"href":"https:\/\/derbildkomponist.de\/index.php?rest_route=\/wp\/v2\/types\/page"}],"author":[{"embeddable":true,"href":"https:\/\/derbildkomponist.de\/index.php?rest_route=\/wp\/v2\/users\/1"}],"replies":[{"embeddable":true,"href":"https:\/\/derbildkomponist.de\/index.php?rest_route=%2Fwp%2Fv2%2Fcomments&post=738"}],"version-history":[{"count":5,"href":"https:\/\/derbildkomponist.de\/index.php?rest_route=\/wp\/v2\/pages\/738\/revisions"}],"predecessor-version":[{"id":4312,"href":"https:\/\/derbildkomponist.de\/index.php?rest_route=\/wp\/v2\/pages\/738\/revisions\/4312"}],"wp:attachment":[{"href":"https:\/\/derbildkomponist.de\/index.php?rest_route=%2Fwp%2Fv2%2Fmedia&parent=738"}],"curies":[{"name":"wp","href":"https:\/\/api.w.org\/{rel}","templated":true}]}}