{"id":7426,"date":"2024-02-16T06:22:26","date_gmt":"2024-02-16T06:22:26","guid":{"rendered":"http:\/\/derbildkomponist.de\/?page_id=7426"},"modified":"2024-02-16T06:29:20","modified_gmt":"2024-02-16T06:29:20","slug":"2024-fototagebuch","status":"publish","type":"page","link":"https:\/\/derbildkomponist.de\/?page_id=7426","title":{"rendered":"2024 &#8211; Fototagebuch"},"content":{"rendered":"\n<p>Das neue Jahr l\u00e4uft, mein t\u00e4gliches Foto geht auch weiter, aber ich musste mir mal Gedanken machen, wie ich das hier pr\u00e4sentiere. M\u00f6chte gerne schon auch was zu den einzelnen Bildern schreiben und da ich das t\u00e4glich bei Instagramm poste, stelle ich erst einmal ein link dazu hier ein. Hier alles hinzusetzten w\u00e4re arbeitsintensiv dewegen der link, den jeder der Instagramm nicht hat trotzdem anschauen kann. Viel Spass dann dort.<\/p>\n\n\n\n<p><a href=\"https:\/\/www.instagram.com\/derbildkomponist\/\">https:\/\/www.instagram.com\/derbildkomponist\/<\/a><\/p>\n\n\n<div class=\"wp-block-image\">\n<figure class=\"aligncenter size-large\"><img loading=\"lazy\" decoding=\"async\" width=\"524\" height=\"1024\" src=\"http:\/\/derbildkomponist.de\/wp-content\/uploads\/2024\/02\/10000319678135094248425293984-524x1024.png\" alt=\"\" class=\"wp-image-7429\" srcset=\"https:\/\/derbildkomponist.de\/wp-content\/uploads\/2024\/02\/10000319678135094248425293984-524x1024.png 524w, https:\/\/derbildkomponist.de\/wp-content\/uploads\/2024\/02\/10000319678135094248425293984-154x300.png 154w, https:\/\/derbildkomponist.de\/wp-content\/uploads\/2024\/02\/10000319678135094248425293984-768x1500.png 768w, https:\/\/derbildkomponist.de\/wp-content\/uploads\/2024\/02\/10000319678135094248425293984-786x1536.png 786w, https:\/\/derbildkomponist.de\/wp-content\/uploads\/2024\/02\/10000319678135094248425293984.png 1008w\" sizes=\"(max-width: 524px) 100vw, 524px\" \/><\/figure><\/div>","protected":false},"excerpt":{"rendered":"<p> &hellip;<\/p>\n","protected":false},"author":1,"featured_media":7429,"parent":0,"menu_order":0,"comment_status":"closed","ping_status":"closed","template":"","meta":{"ngg_post_thumbnail":0,"jetpack_post_was_ever_published":false,"footnotes":""},"jetpack_sharing_enabled":true,"_links":{"self":[{"href":"https:\/\/derbildkomponist.de\/index.php?rest_route=\/wp\/v2\/pages\/7426"}],"collection":[{"href":"https:\/\/derbildkomponist.de\/index.php?rest_route=\/wp\/v2\/pages"}],"about":[{"href":"https:\/\/derbildkomponist.de\/index.php?rest_route=\/wp\/v2\/types\/page"}],"author":[{"embeddable":true,"href":"https:\/\/derbildkomponist.de\/index.php?rest_route=\/wp\/v2\/users\/1"}],"replies":[{"embeddable":true,"href":"https:\/\/derbildkomponist.de\/index.php?rest_route=%2Fwp%2Fv2%2Fcomments&post=7426"}],"version-history":[{"count":3,"href":"https:\/\/derbildkomponist.de\/index.php?rest_route=\/wp\/v2\/pages\/7426\/revisions"}],"predecessor-version":[{"id":7431,"href":"https:\/\/derbildkomponist.de\/index.php?rest_route=\/wp\/v2\/pages\/7426\/revisions\/7431"}],"wp:featuredmedia":[{"embeddable":true,"href":"https:\/\/derbildkomponist.de\/index.php?rest_route=\/wp\/v2\/media\/7429"}],"wp:attachment":[{"href":"https:\/\/derbildkomponist.de\/index.php?rest_route=%2Fwp%2Fv2%2Fmedia&parent=7426"}],"curies":[{"name":"wp","href":"https:\/\/api.w.org\/{rel}","templated":true}]}}